{"id":4140,"date":"2026-03-02T11:52:30","date_gmt":"2026-03-02T10:52:30","guid":{"rendered":"https:\/\/www.sie-sucht-sie.de\/magazin\/?page_id=4140"},"modified":"2026-03-02T11:56:30","modified_gmt":"2026-03-02T10:56:30","slug":"lesben-staedte-szene","status":"publish","type":"page","link":"https:\/\/www.sie-sucht-sie.de\/magazin\/lesben-staedte-szene\/","title":{"rendered":"Lesben St\u00e4dte- &#038; Szene-Guide (Deutschland, \u00d6sterreich &#038; Schweiz)"},"content":{"rendered":"<p><!-- Lesben St\u00e4dte- & Szene-Guide (DACH) \u2013 Hub-Seite f\u00fcr sie-sucht-sie.de --><\/p>\n<section id=\"lesben-guide-dach\">\n<p>\n    Du suchst lesbische Frauen in deiner N\u00e4he, planst einen Trip oder willst dich direkt durch die wichtigsten St\u00e4dte klicken?<br \/>\n    Hier findest du die wichtigsten Einstiege zu unseren regionalen Seiten im DACH-Raum \u2013 \u00fcbersichtlich als Guide mit Direktlinks.\n  <\/p>\n<nav aria-label=\"Inhaltsverzeichnis\">\n<h2>Inhaltsverzeichnis<\/h2>\n<ul>\n<li><a href=\"#de-partnersuche-staedte\">Deutschland: Partnersuche nach Stadt<\/a><\/li>\n<li><a href=\"#at-partnersuche-staedte\">\u00d6sterreich: Partnersuche nach Stadt<\/a><\/li>\n<li><a href=\"#ch-partnersuche-staedte\">Schweiz: Partnersuche nach Stadt<\/a><\/li>\n<li><a href=\"#lesbenbars-de\">Deutschland: Lesbische Szenebars<\/a><\/li>\n<\/ul>\n<\/nav>\n<p>  <!-- DE --><\/p>\n<section id=\"de-partnersuche-staedte\">\n<h2>Deutschland: Lesben-Partnersuche nach Stadt<\/h2>\n<p>\n      W\u00e4hle deine Stadt und starte direkt in die <a href=\"https:\/\/www.sie-sucht-sie.de\/partnersuche\/\">regionale Partnersuche auf sie-sucht-sie.de<\/a>.\n    <\/p>\n<div>\n<ul>\n<li><a href=\"https:\/\/www.sie-sucht-sie.de\/partnersuche\/berlin\/\">Berlin &amp; Umgebung<\/a><\/li>\n<li><a href=\"https:\/\/www.sie-sucht-sie.de\/partnersuche\/bremen\/\">Bremen<\/a><\/li>\n<li><a href=\"https:\/\/www.sie-sucht-sie.de\/partnersuche\/dortmund\/\">Dortmund<\/a><\/li>\n<li><a href=\"https:\/\/www.sie-sucht-sie.de\/partnersuche\/dresden\/\">Dresden<\/a><\/li>\n<li><a href=\"https:\/\/www.sie-sucht-sie.de\/partnersuche\/duisburg\/\">Duisburg<\/a><\/li>\n<li><a href=\"https:\/\/www.sie-sucht-sie.de\/partnersuche\/duesseldorf\/\">D\u00fcsseldorf<\/a><\/li>\n<li><a href=\"https:\/\/www.sie-sucht-sie.de\/partnersuche\/essen\/\">Essen<\/a><\/li>\n<\/ul>\n<ul>\n<li><a href=\"https:\/\/www.sie-sucht-sie.de\/partnersuche\/frankfurt-am-main\/\">Frankfurt am Main<\/a><\/li>\n<li><a href=\"https:\/\/www.sie-sucht-sie.de\/partnersuche\/freiburg\/\">Freiburg<\/a><\/li>\n<li><a href=\"https:\/\/www.sie-sucht-sie.de\/partnersuche\/goeppingen\/\">G\u00f6ppingen<\/a><\/li>\n<li><a href=\"https:\/\/www.sie-sucht-sie.de\/partnersuche\/hamburg\/\">Hamburg<\/a><\/li>\n<li><a href=\"https:\/\/www.sie-sucht-sie.de\/partnersuche\/hannover\/\">Hannover<\/a><\/li>\n<li><a href=\"https:\/\/www.sie-sucht-sie.de\/partnersuche\/heidelberg\/\">Heidelberg<\/a><\/li>\n<li><a href=\"https:\/\/www.sie-sucht-sie.de\/partnersuche\/kassel\/\">Kassel<\/a><\/li>\n<\/ul>\n<ul>\n<li><a href=\"https:\/\/www.sie-sucht-sie.de\/partnersuche\/koeln\/\">K\u00f6ln<\/a><\/li>\n<li><a href=\"https:\/\/www.sie-sucht-sie.de\/partnersuche\/leipzig\/\">Leipzig<\/a><\/li>\n<li><a href=\"https:\/\/www.sie-sucht-sie.de\/partnersuche\/mainz\/\">Mainz<\/a><\/li>\n<li><a href=\"https:\/\/www.sie-sucht-sie.de\/partnersuche\/muenchen\/\">M\u00fcnchen<\/a><\/li>\n<li><a href=\"https:\/\/www.sie-sucht-sie.de\/partnersuche\/nuernberg\/\">N\u00fcrnberg<\/a><\/li>\n<li><a href=\"https:\/\/www.sie-sucht-sie.de\/partnersuche\/stuttgart\/\">Stuttgart<\/a><\/li>\n<\/ul><\/div>\n<\/section>\n<p>  <!-- AT --><\/p>\n<section id=\"at-partnersuche-staedte\">\n<h2>\u00d6sterreich: Lesben-Partnersuche nach Stadt<\/h2>\n<p>\n      Regional starten \u2013 hier findest du die wichtigsten St\u00e4dte f\u00fcr lesbische <a href=\"https:\/\/www.sie-sucht-sie.de\/oesterreich\/\">Partnersuche in \u00d6sterreich<\/a>.\n    <\/p>\n<div>\n<ul>\n<li><a href=\"https:\/\/www.sie-sucht-sie.de\/oesterreich\/dornbirn\/\">Dornbirn<\/a><\/li>\n<li><a href=\"https:\/\/www.sie-sucht-sie.de\/oesterreich\/graz\/\">Graz<\/a><\/li>\n<li><a href=\"https:\/\/www.sie-sucht-sie.de\/oesterreich\/innsbruck\/\">Innsbruck<\/a><\/li>\n<li><a href=\"https:\/\/www.sie-sucht-sie.de\/oesterreich\/klagenfurt\/\">Klagenfurt<\/a><\/li>\n<\/ul>\n<ul>\n<li><a href=\"https:\/\/www.sie-sucht-sie.de\/oesterreich\/linz\/\">Linz<\/a><\/li>\n<li><a href=\"https:\/\/www.sie-sucht-sie.de\/oesterreich\/salzburg\/\">Salzburg<\/a><\/li>\n<li><a href=\"https:\/\/www.sie-sucht-sie.de\/oesterreich\/sankt-poelten\/\">Sankt P\u00f6lten<\/a><\/li>\n<li><a href=\"https:\/\/www.sie-sucht-sie.de\/oesterreich\/villach\/\">Villach<\/a><\/li>\n<\/ul>\n<ul>\n<li><a href=\"https:\/\/www.sie-sucht-sie.de\/oesterreich\/wels\/\">Wels<\/a><\/li>\n<li><a href=\"https:\/\/www.sie-sucht-sie.de\/oesterreich\/wien\/\">Wien<\/a><\/li>\n<\/ul><\/div>\n<\/section>\n<p>  <!-- CH --><\/p>\n<section id=\"ch-partnersuche-staedte\">\n<h2>Schweiz: Lesben-Partnersuche nach Stadt<\/h2>\n<p>\n      W\u00e4hle deine Stadt in der <a href=\"https:\/\/www.sie-sucht-sie.de\/schweiz\/\">Schweiz<\/a> und entdecke passende Kontakte in deiner Region.\n    <\/p>\n<div>\n<ul>\n<li><a href=\"https:\/\/www.sie-sucht-sie.de\/schweiz\/basel\/\">Basel<\/a><\/li>\n<li><a href=\"https:\/\/www.sie-sucht-sie.de\/schweiz\/bern\/\">Bern<\/a><\/li>\n<li><a href=\"https:\/\/www.sie-sucht-sie.de\/schweiz\/biel\/\">Biel<\/a><\/li>\n<li><a href=\"https:\/\/www.sie-sucht-sie.de\/schweiz\/chur\/\">Chur<\/a><\/li>\n<li><a href=\"https:\/\/www.sie-sucht-sie.de\/schweiz\/koeniz\/\">K\u00f6niz<\/a><\/li>\n<\/ul>\n<ul>\n<li><a href=\"https:\/\/www.sie-sucht-sie.de\/schweiz\/lausanne\/\">Lausanne<\/a><\/li>\n<li><a href=\"https:\/\/www.sie-sucht-sie.de\/schweiz\/luzern\/\">Luzern<\/a><\/li>\n<li><a href=\"https:\/\/www.sie-sucht-sie.de\/schweiz\/schaffhausen\/\">Schaffhausen<\/a><\/li>\n<li><a href=\"https:\/\/www.sie-sucht-sie.de\/schweiz\/sion\/\">Sion<\/a><\/li>\n<li><a href=\"https:\/\/www.sie-sucht-sie.de\/schweiz\/st-gallen\/\">St. Gallen<\/a><\/li>\n<\/ul>\n<ul>\n<li><a href=\"https:\/\/www.sie-sucht-sie.de\/schweiz\/thun\/\">Thun<\/a><\/li>\n<li><a href=\"https:\/\/www.sie-sucht-sie.de\/schweiz\/uster\/\">Uster<\/a><\/li>\n<li><a href=\"https:\/\/www.sie-sucht-sie.de\/schweiz\/winterthur\/\">Winterthur<\/a><\/li>\n<li><a href=\"https:\/\/www.sie-sucht-sie.de\/schweiz\/zuerich\/\">Z\u00fcrich<\/a><\/li>\n<li><a href=\"https:\/\/www.sie-sucht-sie.de\/schweiz\/zug\/\">Zug<\/a><\/li>\n<\/ul><\/div>\n<\/section>\n<p>  <!-- Bars DE --><\/p>\n<section id=\"lesbenbars-de\">\n<h2>Deutschland: Lesbische Szenebars (Guide)<\/h2>\n<p>\n      Wenn du nicht nur online suchen willst: Hier findest du unsere <a href=\"https:\/\/www.sie-sucht-sie.de\/magazin\/lesbische-szenebars\/\">Bar-Guides f\u00fcr ausgew\u00e4hlte St\u00e4dte in Deutschland<\/a>.\n    <\/p>\n<ul>\n<li><a href=\"https:\/\/www.sie-sucht-sie.de\/magazin\/szenebars-berlin\/\">Berlin<\/a><\/li>\n<li><a href=\"https:\/\/www.sie-sucht-sie.de\/magazin\/lesbische-szenebars-in-duesseldorf\/\">D\u00fcsseldorf<\/a><\/li>\n<li><a href=\"https:\/\/www.sie-sucht-sie.de\/magazin\/lesbische-szenebars-in-hamburg\/\">Hamburg<\/a><\/li>\n<li><a href=\"https:\/\/www.sie-sucht-sie.de\/magazin\/lesbische-szenebars-in-koeln\/\">K\u00f6ln<\/a><\/li>\n<li><a href=\"https:\/\/www.sie-sucht-sie.de\/magazin\/lesbische-szenebars-in-nuernberg\/\">N\u00fcrnberg<\/a><\/li>\n<li><a href=\"https:\/\/www.sie-sucht-sie.de\/magazin\/lesbische-szenebars-in-hamburg\/\">Leipzig<\/a><\/li>\n<\/ul>\n<p>\n      Du hast noch einen absoluten Geheimtipp, den wir hier bisher nicht aufgef\u00fchrt haben?<br \/>\n      Schreib uns &#8217;ne Mail und lass uns davon wissen.\n    <\/p>\n<\/section>\n<section id=\"hinweis\">\n<h2>Hinweis<\/h2>\n<p>\n      Dieser Guide ist ein lebendiges Verzeichnis. Wenn neue St\u00e4dte, Bar-Guides oder Szene-Artikel dazukommen,<br \/>\n      erg\u00e4nzen wir die Links hier fortlaufend.\n    <\/p>\n<\/section>\n<\/section>\n","protected":false},"excerpt":{"rendered":"<p>Du suchst lesbische Frauen in deiner N\u00e4he, planst einen Trip oder willst dich direkt durch die wichtigsten St\u00e4dte klicken? Hier findest du die wichtigsten Einstiege zu unseren regionalen Seiten im<\/p>\n","protected":false},"author":1,"featured_media":0,"parent":0,"menu_order":0,"comment_status":"closed","ping_status":"closed","template":"","meta":{"ngg_post_thumbnail":0,"footnotes":""},"class_list":["post-4140","page","type-page","status-publish","hentry","comments-off"],"aioseo_notices":[],"_links":{"self":[{"href":"https:\/\/www.sie-sucht-sie.de\/magazin\/wp-json\/wp\/v2\/pages\/4140","targetHints":{"allow":["GET"]}}],"collection":[{"href":"https:\/\/www.sie-sucht-sie.de\/magazin\/wp-json\/wp\/v2\/pages"}],"about":[{"href":"https:\/\/www.sie-sucht-sie.de\/magazin\/wp-json\/wp\/v2\/types\/page"}],"author":[{"embeddable":true,"href":"https:\/\/www.sie-sucht-sie.de\/magazin\/wp-json\/wp\/v2\/users\/1"}],"replies":[{"embeddable":true,"href":"https:\/\/www.sie-sucht-sie.de\/magazin\/wp-json\/wp\/v2\/comments?post=4140"}],"version-history":[{"count":4,"href":"https:\/\/www.sie-sucht-sie.de\/magazin\/wp-json\/wp\/v2\/pages\/4140\/revisions"}],"predecessor-version":[{"id":4144,"href":"https:\/\/www.sie-sucht-sie.de\/magazin\/wp-json\/wp\/v2\/pages\/4140\/revisions\/4144"}],"wp:attachment":[{"href":"https:\/\/www.sie-sucht-sie.de\/magazin\/wp-json\/wp\/v2\/media?parent=4140"}],"curies":[{"name":"wp","href":"https:\/\/api.w.org\/{rel}","templated":true}]}}