{"id":4128,"date":"2025-08-26T11:42:28","date_gmt":"2025-08-26T09:42:28","guid":{"rendered":"https:\/\/www.sie-sucht-sie.de\/magazin\/?page_id=4128"},"modified":"2025-08-29T09:19:45","modified_gmt":"2025-08-29T07:19:45","slug":"christian-m-haas","status":"publish","type":"page","link":"https:\/\/www.sie-sucht-sie.de\/magazin\/christian-m-haas\/","title":{"rendered":"Christian M. Haas &#8211; Singleb\u00f6rsen-Experte"},"content":{"rendered":"<p><img loading=\"lazy\" decoding=\"async\" class=\"alignnone wp-image-4127 \" src=\"https:\/\/www.sie-sucht-sie.de\/magazin\/wp-content\/uploads\/2025\/08\/Christian-M-Haas-Middle-243x300.png\" alt=\"\" width=\"243\" height=\"300\" srcset=\"https:\/\/www.sie-sucht-sie.de\/magazin\/wp-content\/uploads\/2025\/08\/Christian-M-Haas-Middle-243x300.png 243w, https:\/\/www.sie-sucht-sie.de\/magazin\/wp-content\/uploads\/2025\/08\/Christian-M-Haas-Middle-830x1024.png 830w, https:\/\/www.sie-sucht-sie.de\/magazin\/wp-content\/uploads\/2025\/08\/Christian-M-Haas-Middle.png 900w\" sizes=\"auto, (max-width: 243px) 100vw, 243px\" \/><\/p>\n<article id=\"autor-christian-m-haas\">\n<h2>Christian M. Haas \u2013 Experte im Hintergrund<\/h2>\n<p>Christian M. Haas besch\u00e4ftigt sich seit 2008 intensiv mit Online-Dating und dem Aufbau zielgruppenspezifischer Plattformen. Seit 2016 unterst\u00fctzt er die Icony GmbH beim Aufbau und der Weiterentwicklung von Angeboten f\u00fcr die LGBT-Community \u2013 dazu geh\u00f6ren sowohl <a href=\"https:\/\/sie-sucht-sie.de\" target=\"_blank\" rel=\"noopener\">sie-sucht-sie.de<\/a> als auch das Gegenst\u00fcck <a href=\"https:\/\/er-sucht-ihn.de\" target=\"_blank\" rel=\"noopener\">er-sucht-ihn.de<\/a>. Diese Formate haben sich im deutschsprachigen Raum inzwischen breit etabliert.<\/p>\n<p>Seine Rolle auf sie-sucht-sie.de ist bewusst beratend und redaktionell. Er bringt mehr als 15 Jahre Erfahrung in Konzeption, Content-Strategie und Optimierung von Nischen-Singleb\u00f6rsen ein \u2013 mit klarem Fokus auf Vertrauen, Sicherheit, Authentizit\u00e4t und Community-Aufbau. Ziel ist es, lesbischen und bisexuellen Frauen <a href=\"https:\/\/www.sie-sucht-sie.de\/magazin\/welche-sexualitaeten-gibt-es\/\">Orientierung<\/a> zu geben, praktische Tipps f\u00fcr Profil, Kommunikation und Dates zu liefern und die Inhalte des Magazins fortlaufend weiterzuentwickeln.<\/p>\n<p><strong>Transparenzhinweis:<\/strong> Christian M. Haas wirkt im Hintergrund als Berater und Autor mit. Der technische Betrieb, Datenschutz und die rechtliche Verantwortung f\u00fcr die Plattform liegen bei der <strong>Icony GmbH<\/strong>.<\/p>\n<p>Mehr \u00fcber Christian M. Haas finden Sie in seiner ausf\u00fchrlichen Vita und auf LinkedIn:<\/p>\n<ul>\n<li><a href=\"https:\/\/datingnischen.de\/christian\" target=\"_blank\" rel=\"noopener\">Vita von Christian M. Haas<\/a><\/li>\n<li><a href=\"https:\/\/www.linkedin.com\/in\/christian-m-haas-457323379\/\" target=\"_blank\" rel=\"noopener\">LinkedIn-Profil<\/a><\/li>\n<\/ul>\n<\/article>\n","protected":false},"excerpt":{"rendered":"<p>Christian M. Haas \u2013 Experte im Hintergrund Christian M. Haas besch\u00e4ftigt sich seit 2008 intensiv mit Online-Dating und dem Aufbau zielgruppenspezifischer Plattformen. Seit 2016 unterst\u00fctzt er die Icony GmbH beim<\/p>\n","protected":false},"author":1,"featured_media":0,"parent":0,"menu_order":0,"comment_status":"closed","ping_status":"closed","template":"","meta":{"ngg_post_thumbnail":0,"footnotes":""},"class_list":["post-4128","page","type-page","status-publish","hentry","comments-off"],"aioseo_notices":[],"_links":{"self":[{"href":"https:\/\/www.sie-sucht-sie.de\/magazin\/wp-json\/wp\/v2\/pages\/4128","targetHints":{"allow":["GET"]}}],"collection":[{"href":"https:\/\/www.sie-sucht-sie.de\/magazin\/wp-json\/wp\/v2\/pages"}],"about":[{"href":"https:\/\/www.sie-sucht-sie.de\/magazin\/wp-json\/wp\/v2\/types\/page"}],"author":[{"embeddable":true,"href":"https:\/\/www.sie-sucht-sie.de\/magazin\/wp-json\/wp\/v2\/users\/1"}],"replies":[{"embeddable":true,"href":"https:\/\/www.sie-sucht-sie.de\/magazin\/wp-json\/wp\/v2\/comments?post=4128"}],"version-history":[{"count":3,"href":"https:\/\/www.sie-sucht-sie.de\/magazin\/wp-json\/wp\/v2\/pages\/4128\/revisions"}],"predecessor-version":[{"id":4130,"href":"https:\/\/www.sie-sucht-sie.de\/magazin\/wp-json\/wp\/v2\/pages\/4128\/revisions\/4130"}],"wp:attachment":[{"href":"https:\/\/www.sie-sucht-sie.de\/magazin\/wp-json\/wp\/v2\/media?parent=4128"}],"curies":[{"name":"wp","href":"https:\/\/api.w.org\/{rel}","templated":true}]}}