{"id":4120,"date":"2025-08-21T13:15:57","date_gmt":"2025-08-21T11:15:57","guid":{"rendered":"https:\/\/www.sie-sucht-sie.de\/magazin\/?page_id=4120"},"modified":"2025-08-28T11:18:40","modified_gmt":"2025-08-28T09:18:40","slug":"alicia","status":"publish","type":"page","link":"https:\/\/www.sie-sucht-sie.de\/magazin\/alicia\/","title":{"rendered":"Alicia Schlienz"},"content":{"rendered":"<article id=\"autor-alicia-schlienz\">\n<h2>Dating-Expertin f\u00fcr LGBT-Themen<\/h2>\n<p>  <img loading=\"lazy\" decoding=\"async\" class=\"alignnone wp-image-4122 size-medium\" src=\"https:\/\/www.sie-sucht-sie.de\/magazin\/wp-content\/uploads\/2025\/08\/Alicia-Schlienz-300x300.jpg\" alt=\"Alicia Schlienz\" width=\"300\" height=\"300\" srcset=\"https:\/\/www.sie-sucht-sie.de\/magazin\/wp-content\/uploads\/2025\/08\/Alicia-Schlienz-300x300.jpg 300w, https:\/\/www.sie-sucht-sie.de\/magazin\/wp-content\/uploads\/2025\/08\/Alicia-Schlienz-150x150.jpg 150w, https:\/\/www.sie-sucht-sie.de\/magazin\/wp-content\/uploads\/2025\/08\/Alicia-Schlienz-768x768.jpg 768w, https:\/\/www.sie-sucht-sie.de\/magazin\/wp-content\/uploads\/2025\/08\/Alicia-Schlienz.jpg 800w\" sizes=\"auto, (max-width: 300px) 100vw, 300px\" \/><\/p>\n<p>Schon fr\u00fch pr\u00e4gten B\u00fccher Alicia Schlienz\u2019 Leben. In der 8. Klasse schrieb sie ihre erste Kurzgeschichte \u2013 \u201eDer Hexenberg\u201c \u2013 und entdeckte, wie sehr sie das Schreiben erf\u00fcllt. Auch w\u00e4hrend ihres Jurastudiums lie\u00df sie die Leidenschaft nicht los. Schlie\u00dflich ver\u00f6ffentlichte sie ihr erstes eigenes Buch \u2013 trotz aller Zweifel, ob es jemand lesen oder kaufen w\u00fcrde. Es wurde ein #1-Amazon-Bestseller und blieb anderthalb Jahre an der Spitze. Inzwischen hat Alicia sieben B\u00fccher ver\u00f6ffentlicht.<\/p>\n<p>Aus diesen Erfahrungen entstand ihr Herzensanliegen: Autor:innen auf dem Weg zum eigenen Bestseller-Buch zu begleiten \u2013 mit Klarheit, Struktur und Empathie, damit B\u00fccher nicht nur erscheinen, sondern wirklich Leser erreichen. 2021 gr\u00fcndete sie daf\u00fcr ihr eigenes Unternehmen.<\/p>\n<h2>Fokus auf die LGBT-Community<\/h2>\n<p>Neben ihrer Arbeit als Autorin und Mentorin bringt Alicia ihre Expertise auch in die Welt des Online-Datings ein. Auf <a href=\"https:\/\/www.sie-sucht-sie.de\" target=\"_blank\" rel=\"noopener\">sie-sucht-sie.de<\/a> setzt sie ihren Schwerpunkt auf die Partnersuche zwischen Frauen. Ihr Anliegen ist es, lesbischen, bisexuellen und queeren Frauen eine Stimme zu geben und ihnen Tipps an die Hand zu geben, wie sie selbstbewusst auftreten und passende Partnerinnen finden k\u00f6nnen.<\/p>\n<h2>Kommunikation, Authentizit\u00e4t &amp; Selbstbewusstsein<\/h2>\n<p>Als Autorin wei\u00df Alicia, wie wichtig klare Botschaften und authentisches Auftreten sind. In ihren Ratgebern und Artikeln zeigt sie, wie Singles ihre St\u00e4rken sichtbar machen, offen kommunizieren und Vertrauen aufbauen \u2013 online wie offline. In beiden Rollen \u2013 als Bestseller-Autorin und als Dating-Expertin \u2013 verfolgt sie dasselbe Ziel: Menschen zu ermutigen, ihre Stimme zu finden, ihre <a href=\"https:\/\/www.sie-sucht-sie.de\/magazin\/geschlechtsidentitaet\/\">Identit\u00e4t<\/a> sichtbar zu machen und den Mut zu haben, gesehen zu werden.<\/p>\n<p><em>Was sie antreibt, ist stets derselbe Gedanke: Jede Geschichte verdient es, erz\u00e4hlt zu werden \u2013 ob zwischen Buchdeckeln oder im echten Leben.<\/em><\/p>\n<h2>Mehr \u00fcber Alicia<\/h2>\n<ul>\n<li><a href=\"https:\/\/aliciaschlienz.com\/\" target=\"_blank\" rel=\"noopener\">Offizielle Website<\/a><\/li>\n<li><a href=\"https:\/\/www.linkedin.com\/in\/aliciaschlienz\/\" target=\"_blank\" rel=\"noopener\">LinkedIn-Profil<\/a><\/li>\n<li><a href=\"https:\/\/www.amazon.de\/stores\/Alicia-Schlienz\/author\/B09QHM3XFZ\" target=\"_blank\" rel=\"noopener\">Autorinnen-Seite bei Amazon<\/a><\/li>\n<\/ul>\n<\/article>\n","protected":false},"excerpt":{"rendered":"<p>Dating-Expertin f\u00fcr LGBT-Themen Schon fr\u00fch pr\u00e4gten B\u00fccher Alicia Schlienz\u2019 Leben. In der 8. Klasse schrieb sie ihre erste Kurzgeschichte \u2013 \u201eDer Hexenberg\u201c \u2013 und entdeckte, wie sehr sie das Schreiben<\/p>\n","protected":false},"author":1,"featured_media":0,"parent":0,"menu_order":0,"comment_status":"closed","ping_status":"closed","template":"","meta":{"ngg_post_thumbnail":0,"footnotes":""},"class_list":["post-4120","page","type-page","status-publish","hentry","comments-off"],"aioseo_notices":[],"_links":{"self":[{"href":"https:\/\/www.sie-sucht-sie.de\/magazin\/wp-json\/wp\/v2\/pages\/4120","targetHints":{"allow":["GET"]}}],"collection":[{"href":"https:\/\/www.sie-sucht-sie.de\/magazin\/wp-json\/wp\/v2\/pages"}],"about":[{"href":"https:\/\/www.sie-sucht-sie.de\/magazin\/wp-json\/wp\/v2\/types\/page"}],"author":[{"embeddable":true,"href":"https:\/\/www.sie-sucht-sie.de\/magazin\/wp-json\/wp\/v2\/users\/1"}],"replies":[{"embeddable":true,"href":"https:\/\/www.sie-sucht-sie.de\/magazin\/wp-json\/wp\/v2\/comments?post=4120"}],"version-history":[{"count":6,"href":"https:\/\/www.sie-sucht-sie.de\/magazin\/wp-json\/wp\/v2\/pages\/4120\/revisions"}],"predecessor-version":[{"id":4134,"href":"https:\/\/www.sie-sucht-sie.de\/magazin\/wp-json\/wp\/v2\/pages\/4120\/revisions\/4134"}],"wp:attachment":[{"href":"https:\/\/www.sie-sucht-sie.de\/magazin\/wp-json\/wp\/v2\/media?parent=4120"}],"curies":[{"name":"wp","href":"https:\/\/api.w.org\/{rel}","templated":true}]}}