{"id":2095,"date":"2018-08-09T21:00:22","date_gmt":"2018-08-09T19:00:22","guid":{"rendered":"https:\/\/www.sie-sucht-sie.de\/magazin\/?page_id=2095"},"modified":"2025-04-28T11:05:11","modified_gmt":"2025-04-28T09:05:11","slug":"lesbisch","status":"publish","type":"page","link":"https:\/\/www.sie-sucht-sie.de\/magazin\/lesbisch\/","title":{"rendered":"Lesbisch &#8211; Lesben Liebe und ihr kultureller Hintergrund"},"content":{"rendered":"<p><strong>Geschichtlicher Ursprung und kultureller Hintergrund<\/strong><\/p>\n<p>Der Begriff <strong>lesbisch<\/strong>, die gleichgeschlechtliche Liebe zwischen Frauen, kommt von der griechischen Insel Lesbos. Dort lebte im 6. Jahrhundert vor Christus die Dichterin Sappho, die in ihren Liedern und Gedichten die Liebe zwischen Frauen beschrieb. Auf dieser Insel betrieb die Dichterin auch eine Schule f\u00fcr aristokratische T\u00f6chter. Allerdings ist bis heute nicht eindeutig nachweisbar, welche sexuelle Orientierung Sappho selbst hatte. Die antiken R\u00f6mer und Griechen verwendeten das Wort tribas f\u00fcr die gleichgeschlechtliche Liebe unter Frauen, was heutzutage mit Lesbierin \u00fcbersetzt wird. Durch die maskuline Tribade Megilla, einer fiktiven Person, wurden erste Verbindungen von lesbischer Liebe und der Insel Lesbos nachgewiesen. Erste Schriften, in denen W\u00f6rter Lesbe oder Sapphinistin auftauchten, stammen aus 17. Jahrhundert in Frankreich. Bereits w\u00e4hrend der franz\u00f6sischen Revolution, in der Zeit von 1789 bis 1799 und der Erkl\u00e4rung der Menschen\u2013 und B\u00fcrgerrechte, traten Menschen f\u00fcr die Gleichberechtigung von Homosexuellen ein. 1791 wurde die Homosexualit\u00e4t in Frankreich legalisiert. Damit wurde ein gro\u00dfer Schritt nach vorn gemacht. Die lesbische Liebe, fr\u00fcher auch sapphische Liebe genannt, wurde 1837 in der Brockhaus Enzyklop\u00e4die erw\u00e4hnt. In der Moderne ist der Begriff sapphische Liebe veraltet und wird kaum noch benutzt. Einige Jahre sp\u00e4ter, gegen 1870, wurde der Begriff Lesbierin als Bezeichnung gleichgeschlechtlicher Liebe zwischen Frauen erstmalig erw\u00e4hnt. Ende des 19. Jahrhunderts entstanden in den USA und auch in Europa Vereine, Gesellschaften und Bewegungen, die sich f\u00fcr die Rechte von Homosexuellen einsetzten. Der deutsche Arzt und Sexualwissenschaftler Magnus Hirschfeld gr\u00fcndete 1897 die erste schwule Organisation der Welt &#8211; das wissenschaftlich-humanit\u00e4re Komitee in Berlin. Damit war Berlin Vorreiter der schwul-lesbischen Emanzipationsbewegung. In den sogenannten \u201eGoldenen Zwanzigern\u201c war Berlin die erste Weltmetropole f\u00fcr Homosexuelle und der damalige Szeneclub Eldorado weit \u00fcber die Grenzen Berlins bekannt. Das pralle Berliner schwul\/lesbische Nachtleben bl\u00fchte und zog K\u00fcnstler und Kreative magisch an. In Zeitschriften wie \u201eDie Freundin\u201c, \u201eFrauenliebe\u201c oder \u201eLedige Frauen\u201c konnte man \u00fcber lesbische Lebensentw\u00fcrfe lesen. Raum daf\u00fcr boten Caf\u00e9s und Clubs, in denen sich lesbische Frauen treffen und austauschen konnten. Prominente Berliner Lesbierinnen, wie die Kabarettistin Claire Waldorff und die Barbetreiberin Charlotte Hahm, geh\u00f6rten dazu. Mit dem Aufstieg des Nationalsozialismus nahm es ein schnelles Ende. Zahlreiche Bars und Clubs wurden geschlossen. Lesbische Frauen wurden von den Nazis bedroht, viele auch verfolgt und nur wegen ihrer sexuellen Orientierung in Konzentrationslager gesperrt.<\/p>\n<p><strong>Das Recht auf Selbstbestimmung<\/strong><\/p>\n<p>Homosexuelle wurden lange diskriminiert und sogar strafrechtlich verfolgt. In den USA fanden regelm\u00e4\u00dfig Razzien in einschl\u00e4gig bekannten Bars statt. Eine solche Razzia fand auch im Juni 1969 in der New Yorker Szenebar \u201eStonewall-Inn&#8220; statt. Doch diesmal wehrten sich die G\u00e4ste, was zum legend\u00e4ren Stonewall-Aufstand f\u00fchrte. Durch diesen Widerstand solidarisierten sich viele Homosexuelle und wehrten sich erstmals gegen die brutalen Razzien der Polizei. Die 1968er Bewegung und auch der Stonwall-Aufstand ermutigten die Homosexuellen, f\u00fcr ihre Rechte einzustehen und ein selbstbestimmtes Leben f\u00fchren zu k\u00f6nnen. Mit Beginn dieser Bewegung werden Ausdr\u00fccke wie \u201eLesbe\u201c, die fr\u00fcher abwertend galten, als Selbstbezeichnung verwendet.<\/p>\n<p><strong>Die Suche nach sich selbst<\/strong><\/p>\n<p><a href=\"https:\/\/www.sie-sucht-sie.de\/magazin\/bin-ich-lesbisch\/\">Wie erkennt aber eine Frau, dass sie lesbisch ist?<\/a> Man ist es nicht automatisch, wenn man mit seiner Freundin schmust, kuschelt oder sich f\u00fcr deren K\u00f6rper interessiert. In der Pubert\u00e4t befinden sich viele M\u00e4dchen in der Orientierungsphase, pl\u00f6tzlich finden sie auch Frauen attraktiv, entwickeln Gef\u00fchle f\u00fcr die beste Freundin. Lesbisch ist man dann, wenn diese Phase nicht vor\u00fcber geht und man sich auf Dauer ausschlie\u00dflich zu anderen Frauen hingezogen f\u00fchlt.<\/p>\n<p>Manchen Frauen haben beide Geschlechtsorgane, weibliche sowie auch m\u00e4nnliche. \u00c4u\u00dferlich unterscheiden sie sich kaum von anderen Frauen. Anstatt eines weiblichen Chromosomsatzes mit zwei X-Chromosomen enth\u00e4lt jede K\u00f6rperzelle ein X sowie auch ein Y Chromosom. Diese Frauen sind <a href=\"https:\/\/www.sie-sucht-sie.de\/magazin\/intersexuell\/\">intersexuell<\/a> und f\u00fchlen sich, wie jede andere Frau auch, zu M\u00e4nner oder Frauen hingezogen.<\/p>\n<p>Es gibt auch Frauen, die sich zu allen Geschlechter hingezogen f\u00fchlen, das hei\u00dft, nicht nur zu Frauen und M\u00e4nnern, sondern auch zu Bi-sexuellen, Transsexuellen oder <a href=\"https:\/\/www.sie-sucht-sie.de\/magazin\/intersexuell\/\">Intersexuellen<\/a>. Diese Form der <a href=\"https:\/\/www.sie-sucht-sie.de\/magazin\/welche-sexualitaeten-gibt-es\/\">Sexualit\u00e4t<\/a> nennt man <a href=\"https:\/\/www.sie-sucht-sie.de\/magazin\/pansexualitaet\/\">pansexuell<\/a>. Im Gegensatz zu Bi-Sexuellen f\u00fchlen sich <a href=\"https:\/\/www.sie-sucht-sie.de\/magazin\/pansexualitaet\/\">pansexuelle<\/a> Menschen auch emotional oder romantisch zu Menschen eines jeden Geschlechts hingezogen und k\u00f6nnen Beziehungen aufbauen.<\/p>\n<p><strong>Ein politischer Blick<\/strong><\/p>\n<p>St\u00e4rker als die Schwulenbewegung sieht sich die lesbische Subkultur auch als politische Bewegung. Lesbische Frauen waren schon fr\u00fch politisch aktiv. Viele <strong>Lesben<\/strong> engagieren sich in der allgemeinen Frauenbewegung. Dabei wurde der Kampf f\u00fcr die Rechte der Lesben mit dem Kampf f\u00fcr Rechte der Frauen gleichgesetzt. Durch die intensiven, kritischen Debatten der feministischen Bewegung, den Feminist <a href=\"https:\/\/www.sie-sucht-sie.de\/magazin\/lesben-sex\/\">Sex<\/a> Wars, wurde die sexuelle Orientierung in den Vordergrund ger\u00fcckt. Dabei gab es zwei Gruppierungen mit unterschiedlichen Auffassungen. Der sex-positive Feminismus wollte die Akzeptanz von Bi- und Homosexualit\u00e4t, wogegen der Second-Wave-Feminismus dagegen war. Als Begr\u00fcndung der Ablehnung gab diese Gruppierung an, das Lesben noch nicht \u00f6ffentlich akzeptiert werden. Die grundlegenden Ziele des Feminismus k\u00f6nnten damit gef\u00e4hrdet werden. Mit Beginn der 1980er Jahre entwickelte sich eine eigene Lesbenbewegung.<\/p>\n<p><strong>Ein kultureller Blick<\/strong><\/p>\n<p>Lesbische Frauen werden seit Beginn der 1990 Jahre auch in Filmen oder Serien dargestellt. Zum Beispiel in der popul\u00e4ren amerikanische <a href=\"https:\/\/www.sie-sucht-sie.de\/magazin\/lesbische-serien\/\">Serie<\/a> \u201eFriends\u201c (1994 -2004 ), in der es mehrere lesbische Figuren gibt. Eine vollst\u00e4ndig lesbische Serie ist \u201eThe L Word \u2013 Wenn Frauen Frauen lieben\u201c, die gleichzeitig Themen wie <a href=\"https:\/\/www.sie-sucht-sie.de\/magazin\/bisexuell-darum-ist-jede-frau-etwas-bi\/\">Bisexualit\u00e4t<\/a> oder Transsexualit\u00e4t behandelt. Trotzdem geh\u00f6ren lesbische Frauen noch nicht zur Normalit\u00e4t in Film und Fernsehen. Zu viele Klischees werden verwendet. Eine typische lesbische Frau ist jung, entspricht dem g\u00e4ngigen Sch\u00f6nheitsideal und bewegt sich beruflich auf der Karriereleiter.<\/p>\n<p><strong>Die gesellschaftliche Akzeptanz<\/strong><\/p>\n<p>Obwohl die mediale Pr\u00e4senz nach den 1990ern weiter gestiegen ist, gibt es immer noch viele Vorurteile. Nicht nur in den islamisch oder stark katholisch gepr\u00e4gten Regionen werden Homosexuelle weiterhin diskriminiert, sondern auch in unser unmittelbaren Umgebung gibt es leider immer noch Menschen, die es nicht verstehen, dass es ein Recht ist, auch gleichgeschlechtlich zu lieben. Dabei ist Liebe doch immer gut. In den St\u00e4dten hat sich der Umgang mit <a title=\"Queer \u2013 Definition, Bedeutung &amp; mehr\" href=\"https:\/\/www.sie-sucht-sie.de\/magazin\/queer\/\">queeren<\/a> Paaren weitestgehend normalisiert. Anders dagegen in den l\u00e4ndlich gepr\u00e4gten Regionen. Dort herrscht noch eine gr\u00f6\u00dfere Abneigung zu Homosexualit\u00e4t. Ein lesbisches Paar in der Nachbarschaft wird dort ungern gesehen und deshalb gibt es noch sehr selten Outings. Die Gefahr als Au\u00dfenseiter dazustehen, w\u00e4re zu gro\u00df und enorm kraftaufwendig. Viele wandern deshalb in die Gro\u00dfstadt, um ein freies und unbeschwertes Leben f\u00fchren zu k\u00f6nnen. Doch auch das ist ein Trugschluss. Nat\u00fcrlich ist das Leben als Lesbe dort einfacher, trotzdem gibt es weiterhin Vorurteile. Ein typisches Beispiel daf\u00fcr ist die berufliche Seite. Es ist nicht immer leicht, in unserer Welt mit strengen Normen ein allt\u00e4gliches Leben ohne Schwierigkeiten zu meistern. Lesbische Frauen in k\u00fcnstlerischen Berufen haben es dagegen leichter als lesbische Frauen, die in b\u00fcrgerlichen Berufen wie Krankenschwester, Lehrerin oder B\u00fcroangestellte arbeiten. Gerade \u00e4lteren lesbischen Frauen f\u00e4llt es daher schwerer, sich ihrem sozialen Umfeld zu outen. Aus Angst, nicht mehr akzeptiert zu werden oder pl\u00f6tzlich Au\u00dfenseiter zu sein, verheimlichen sie oft ihre Neigung zum gleichen Geschlecht. Junge lesbische M\u00e4dchen und Frauen haben es dagegen heutzutage leichter. Es gibt in verschiedenen Jugendorganisationen Angebote den Junglesben beim Coming &#8211; out zu unterst\u00fctzen. Das macht eine weitere Lebensf\u00fchrung weitaus einfacher, st\u00e4rkt das Selbstbewusstsein und das Bekenntnis zu sich selbst und zu seiner eigenen <a href=\"https:\/\/www.sie-sucht-sie.de\/magazin\/geschlechtsidentitaet\/\">Identit\u00e4t<\/a>.<\/p>\n","protected":false},"excerpt":{"rendered":"<p>Geschichtlicher Ursprung und kultureller Hintergrund Der Begriff lesbisch, die gleichgeschlechtliche Liebe zwischen Frauen, kommt von der griechischen Insel Lesbos. Dort lebte im 6. Jahrhundert vor Christus die Dichterin Sappho, die<\/p>\n","protected":false},"author":1,"featured_media":3717,"parent":0,"menu_order":0,"comment_status":"closed","ping_status":"closed","template":"","meta":{"ngg_post_thumbnail":0,"footnotes":""},"class_list":["post-2095","page","type-page","status-publish","has-post-thumbnail","hentry","comments-off"],"aioseo_notices":[],"_links":{"self":[{"href":"https:\/\/www.sie-sucht-sie.de\/magazin\/wp-json\/wp\/v2\/pages\/2095","targetHints":{"allow":["GET"]}}],"collection":[{"href":"https:\/\/www.sie-sucht-sie.de\/magazin\/wp-json\/wp\/v2\/pages"}],"about":[{"href":"https:\/\/www.sie-sucht-sie.de\/magazin\/wp-json\/wp\/v2\/types\/page"}],"author":[{"embeddable":true,"href":"https:\/\/www.sie-sucht-sie.de\/magazin\/wp-json\/wp\/v2\/users\/1"}],"replies":[{"embeddable":true,"href":"https:\/\/www.sie-sucht-sie.de\/magazin\/wp-json\/wp\/v2\/comments?post=2095"}],"version-history":[{"count":5,"href":"https:\/\/www.sie-sucht-sie.de\/magazin\/wp-json\/wp\/v2\/pages\/2095\/revisions"}],"predecessor-version":[{"id":3718,"href":"https:\/\/www.sie-sucht-sie.de\/magazin\/wp-json\/wp\/v2\/pages\/2095\/revisions\/3718"}],"wp:featuredmedia":[{"embeddable":true,"href":"https:\/\/www.sie-sucht-sie.de\/magazin\/wp-json\/wp\/v2\/media\/3717"}],"wp:attachment":[{"href":"https:\/\/www.sie-sucht-sie.de\/magazin\/wp-json\/wp\/v2\/media?parent=2095"}],"curies":[{"name":"wp","href":"https:\/\/api.w.org\/{rel}","templated":true}]}}